{"id":2168,"date":"2025-08-27T05:42:05","date_gmt":"2025-08-27T05:42:05","guid":{"rendered":"https:\/\/at60.wplab.me\/bueros\/flexdesk\/"},"modified":"2025-12-09T14:52:29","modified_gmt":"2025-12-09T14:52:29","slug":"flexdesk","status":"publish","type":"page","link":"https:\/\/cms.at60.eu\/de\/bueros\/flexdesk\/","title":{"rendered":"FlexDesk"},"content":{"rendered":"\n<div class=\"wp-block-stackable-columns alignfull stk-block-columns stk-block stk-56e06f2 stk-block-background stk--has-background-overlay\" data-block-id=\"56e06f2\"><style>.stk-56e06f2 .stk--block-align-56e06f2{align-items:center !important;}.stk-56e06f2 {background-color:var(--theme-palette-color-1, #0e4863) !important;background-image:url(https:\/\/cms.at60.eu\/wp-content\/uploads\/2025\/08\/DTFLR-ALTSTADT-WKO-BRUSSEL-033web.jpg) !important;background-position:center center !important;background-size:auto !important;padding-top:80px !important;padding-bottom:80px !important;}.stk-56e06f2:before{background-color:var(--theme-palette-color-1, #0e4863) !important;opacity:0.8 !important;}<\/style><div class=\"stk-row stk-inner-blocks stk--block-align-56e06f2 stk-block-content stk-content-align stk-56e06f2-column\">\n<div class=\"wp-block-stackable-column stk-block-column stk-column stk-block stk-3b49b18\" data-v=\"4\" data-block-id=\"3b49b18\"><div class=\"stk-column-wrapper stk-block-column__content stk-container stk-3b49b18-container stk--no-background stk--no-padding\"><div class=\"stk-block-content stk-inner-blocks stk-3b49b18-inner-blocks\">\n<div class=\"wp-block-stackable-columns stk-block-columns stk-block stk-ff7635c\" data-block-id=\"ff7635c\"><div class=\"stk-row stk-inner-blocks stk-block-content stk-content-align stk-ff7635c-column\">\n<div class=\"wp-block-stackable-column stk-block-column stk-column stk-block stk-3f8a57b\" data-v=\"4\" data-block-id=\"3f8a57b\"><style>.stk-3f8a57b-container{margin-top:26px !important;margin-right:26px !important;margin-bottom:26px !important;margin-left:26px !important;}.stk-3f8a57b {align-self:flex-start !important;}.stk-3f8a57b-inner-blocks{justify-content:center !important;}@media screen and (min-width:690px){.stk-3f8a57b {flex:var(--stk-flex-grow, 1) 1 calc(60% - var(--stk-column-gap, 0px) * 1 \/ 2 ) !important;}}<\/style><div class=\"stk-column-wrapper stk-block-column__content stk-container stk-3f8a57b-container stk--no-background stk--no-padding\"><div class=\"has-text-align-left stk--column-flex stk-block-content stk-inner-blocks stk-3f8a57b-inner-blocks\">\n<div class=\"wp-block-stackable-heading stk-block-heading stk-block-heading--v2 stk-block stk-05e7bae\" id=\"span-style-color-ffffff-class-stk-highlight-flex-desk-span\" data-block-id=\"05e7bae\"><style>.stk-05e7bae .stk-block-heading__text{font-weight:700 !important;}@media screen and (max-width:689px){.stk-05e7bae .stk-block-heading__text{font-size:24px !important;}}<\/style><h1 class=\"stk-block-heading__text\"><span style=\"color: #ffffff;\" class=\"stk-highlight\">FlexDesk<\/span><\/h1><\/div>\n\n\n\n<div class=\"wp-block-stackable-text stk-block-text stk-block stk-338c2f6\" data-block-id=\"338c2f6\"><style>@media screen and (max-width:689px){.stk-338c2f6 .stk-block-text__text{font-size:16px !important;}}<\/style><p class=\"stk-block-text__text\"><span style=\"color: #fefefe;\" class=\"stk-highlight\"><strong>Ideal f\u00fcr Freiberufler und Remote-Profis, die <\/strong><\/span><br\/><span style=\"color: #fefefe;\" class=\"stk-highlight\"><strong>Flexibilit\u00e4t, Zusammenarbeit und eine dynamische <\/strong><\/span><br\/><span style=\"color: #fefefe;\" class=\"stk-highlight\"><strong>Arbeitsatmosph\u00e4re sch\u00e4tzen.<\/strong><\/span><br\/><span style=\"color: #fefefe;\" class=\"stk-highlight\"><br\/>Unser FlexDesk-Bereich bietet komfortable Arbeitspl\u00e4tze, <\/span><br\/><span style=\"color: #fefefe;\" class=\"stk-highlight\">schnelles Internet, unbegrenzten Kaffee und eine einladende Gemeinschaft <\/span><br\/><span style=\"color: #fefefe;\" class=\"stk-highlight\">die Ihnen hilft, produktiv zu bleiben<\/span> <span style=\"color: #fefefe;\" class=\"stk-highlight\">und inspiriert zu werden.<\/span><\/p><\/div>\n<\/div><\/div><\/div>\n\n\n\n<div class=\"wp-block-stackable-column stk-block-column stk-column stk-block stk-27e5d5c\" data-v=\"4\" data-block-id=\"27e5d5c\"><style>.stk-27e5d5c-container{margin-top:0px !important;margin-right:0px !important;margin-bottom:0px !important;margin-left:0px !important;}@media screen and (min-width:690px){.stk-27e5d5c {flex:var(--stk-flex-grow, 1) 1 calc(40% - var(--stk-column-gap, 0px) * 1 \/ 2 ) !important;}}<\/style><div class=\"stk-column-wrapper stk-block-column__content stk-container stk-27e5d5c-container stk--no-background stk--no-padding\"><div class=\"stk-block-content stk-inner-blocks stk-27e5d5c-inner-blocks\"><\/div><\/div><\/div>\n<\/div><\/div>\n<\/div><\/div><\/div>\n<\/div><\/div>\n\n<h2 class=\"wp-block-heading has-text-align-center\">Im Mietpreis enthalten<\/h2>\n\n<div style=\"height:30px\" aria-hidden=\"true\" class=\"wp-block-spacer\"><\/div>\n\n<div class=\"wp-block-columns is-layout-flex wp-container-core-columns-is-layout-28f84493 wp-block-columns-is-layout-flex\">\n<div class=\"wp-block-column has-medium-font-size is-layout-flow wp-block-column-is-layout-flow\">\n<figure class=\"wp-block-image aligncenter size-full is-resized\"><img loading=\"lazy\" decoding=\"async\" width=\"512\" height=\"512\" src=\"https:\/\/cms.at60.eu\/wp-content\/uploads\/2025\/09\/phone-booth.png\" alt=\"\" class=\"wp-image-1363\" style=\"width:80px\" srcset=\"https:\/\/cms.at60.eu\/wp-content\/uploads\/2025\/09\/phone-booth.png 512w, https:\/\/cms.at60.eu\/wp-content\/uploads\/2025\/09\/phone-booth-300x300.png 300w, https:\/\/cms.at60.eu\/wp-content\/uploads\/2025\/09\/phone-booth-150x150.png 150w\" sizes=\"auto, (max-width: 512px) 100vw, 512px\" \/><\/figure>\n\n\n\n<p class=\"has-text-align-center\">Telefonkabinen<br\/><\/p>\n<\/div>\n\n\n\n<div class=\"wp-block-column is-layout-flow wp-block-column-is-layout-flow\">\n<figure class=\"wp-block-image aligncenter size-full is-resized\"><img loading=\"lazy\" decoding=\"async\" width=\"512\" height=\"512\" src=\"https:\/\/cms.at60.eu\/wp-content\/uploads\/2025\/09\/wifi-router.png\" alt=\"\" class=\"wp-image-1321\" style=\"width:80px\" srcset=\"https:\/\/cms.at60.eu\/wp-content\/uploads\/2025\/09\/wifi-router.png 512w, https:\/\/cms.at60.eu\/wp-content\/uploads\/2025\/09\/wifi-router-300x300.png 300w, https:\/\/cms.at60.eu\/wp-content\/uploads\/2025\/09\/wifi-router-150x150.png 150w\" sizes=\"auto, (max-width: 512px) 100vw, 512px\" \/><\/figure>\n\n\n\n<p class=\"has-text-align-center\">Schnelle Verbindung<\/p>\n<\/div>\n\n\n\n<div class=\"wp-block-column is-layout-flow wp-block-column-is-layout-flow\">\n<figure class=\"wp-block-image aligncenter size-full is-resized\"><img loading=\"lazy\" decoding=\"async\" width=\"512\" height=\"512\" src=\"https:\/\/cms.at60.eu\/wp-content\/uploads\/2025\/09\/locker.png\" alt=\"\" class=\"wp-image-1365\" style=\"width:80px\" srcset=\"https:\/\/cms.at60.eu\/wp-content\/uploads\/2025\/09\/locker.png 512w, https:\/\/cms.at60.eu\/wp-content\/uploads\/2025\/09\/locker-300x300.png 300w, https:\/\/cms.at60.eu\/wp-content\/uploads\/2025\/09\/locker-150x150.png 150w\" sizes=\"auto, (max-width: 512px) 100vw, 512px\" \/><\/figure>\n\n\n\n<p class=\"has-text-align-center\">Abschlie\u00dfbare Spinde<\/p>\n<\/div>\n\n\n\n<div class=\"wp-block-column is-layout-flow wp-block-column-is-layout-flow\">\n<figure class=\"wp-block-image aligncenter size-full is-resized\"><img loading=\"lazy\" decoding=\"async\" width=\"512\" height=\"512\" src=\"https:\/\/cms.at60.eu\/wp-content\/uploads\/2025\/09\/lobby.png\" alt=\"\" class=\"wp-image-1327\" style=\"width:80px\" srcset=\"https:\/\/cms.at60.eu\/wp-content\/uploads\/2025\/09\/lobby.png 512w, https:\/\/cms.at60.eu\/wp-content\/uploads\/2025\/09\/lobby-300x300.png 300w, https:\/\/cms.at60.eu\/wp-content\/uploads\/2025\/09\/lobby-150x150.png 150w\" sizes=\"auto, (max-width: 512px) 100vw, 512px\" \/><\/figure>\n\n\n\n<p class=\"has-text-align-center\">Lounge-Bereich<\/p>\n<\/div>\n<\/div>\n\n<div style=\"height:100px\" aria-hidden=\"true\" class=\"wp-block-spacer\"><\/div>\n\n<script>\n  if (typeof hasAmeliaEntitiesApiCall === 'undefined' && ('' === '' && '' !== '1')) {\n    var hasAmeliaEntitiesApiCall = true;\n  }\n  var ameliaShortcodeData = (typeof ameliaShortcodeData === 'undefined') ? [] : ameliaShortcodeData;\n  ameliaShortcodeData.push(\n    {\n      'hasApiCall': (typeof hasAmeliaEntitiesApiCall !== 'undefined') && hasAmeliaEntitiesApiCall,\n      'trigger': '',\n      'trigger_type': '',\n      'triggered_form': 'sbsNew',\n      'in_dialog': '',\n      'show': '',\n      'counter': '1000',\n      'category': '',\n      'service': '2',\n      'employee': '',\n      'location': '',\n      'package': '',\n      'layout': '2',\n    }\n  );\n\n  var ameliaShortcodeDataTriggered = (typeof ameliaShortcodeDataTriggered === 'undefined') ? [] : ameliaShortcodeDataTriggered;\n  if (ameliaShortcodeData[ameliaShortcodeData.length - 1].trigger !== '') {\n    if (ameliaShortcodeDataTriggered.filter(a => a.counter === ameliaShortcodeData[ameliaShortcodeData.length - 1].counter).length === 0) {\n      ameliaShortcodeDataTriggered.push(ameliaShortcodeData.pop());\n    } else {\n      ameliaShortcodeData.pop()\n    }\n  }\n  if (typeof hasAmeliaEntitiesApiCall !== 'undefined' && hasAmeliaEntitiesApiCall) {\n    hasAmeliaEntitiesApiCall = false;\n  }\n<\/script>\n\n<div\n  id=\"amelia-v2-booking-1000\"\n  class=\"amelia-v2-booking\"\n >\n    <step-form-wrapper><\/step-form-wrapper><\/div>\n","protected":false},"excerpt":{"rendered":"<p>FlexDesk Ideal f\u00fcr Freiberufler und Remote-Profis, die Flexibilit\u00e4t, Zusammenarbeit und eine dynamische Arbeitsatmosph\u00e4re sch\u00e4tzen.Unser FlexDesk-Bereich bietet komfortable Arbeitspl\u00e4tze, schnelles Internet, unbegrenzten Kaffee und eine einladende Gemeinschaft die Ihnen hilft, produktiv zu bleiben und inspiriert zu werden. Im Mietpreis enthalten Telefonkabinen Schnelle Verbindung Abschlie\u00dfbare Spinde Lounge-Bereich<\/p>\n","protected":false},"author":1,"featured_media":0,"parent":2138,"menu_order":0,"comment_status":"closed","ping_status":"closed","template":"","meta":{"footnotes":""},"class_list":["post-2168","page","type-page","status-publish","hentry"],"blocksy_meta":{"has_hero_section":"disabled","styles_descriptor":{"styles":{"desktop":"","tablet":"","mobile":""},"google_fonts":[],"version":6}},"_links":{"self":[{"href":"https:\/\/cms.at60.eu\/de\/wp-json\/wp\/v2\/pages\/2168","targetHints":{"allow":["GET"]}}],"collection":[{"href":"https:\/\/cms.at60.eu\/de\/wp-json\/wp\/v2\/pages"}],"about":[{"href":"https:\/\/cms.at60.eu\/de\/wp-json\/wp\/v2\/types\/page"}],"author":[{"embeddable":true,"href":"https:\/\/cms.at60.eu\/de\/wp-json\/wp\/v2\/users\/1"}],"replies":[{"embeddable":true,"href":"https:\/\/cms.at60.eu\/de\/wp-json\/wp\/v2\/comments?post=2168"}],"version-history":[{"count":6,"href":"https:\/\/cms.at60.eu\/de\/wp-json\/wp\/v2\/pages\/2168\/revisions"}],"predecessor-version":[{"id":2350,"href":"https:\/\/cms.at60.eu\/de\/wp-json\/wp\/v2\/pages\/2168\/revisions\/2350"}],"up":[{"embeddable":true,"href":"https:\/\/cms.at60.eu\/de\/wp-json\/wp\/v2\/pages\/2138"}],"wp:attachment":[{"href":"https:\/\/cms.at60.eu\/de\/wp-json\/wp\/v2\/media?parent=2168"}],"curies":[{"name":"wp","href":"https:\/\/api.w.org\/{rel}","templated":true}]}}