{"id":2182,"date":"2025-08-27T05:42:54","date_gmt":"2025-08-27T05:42:54","guid":{"rendered":"https:\/\/cms.at60.eu\/bueros\/privates-buero\/"},"modified":"2025-11-06T09:55:00","modified_gmt":"2025-11-06T09:55:00","slug":"privates-buero","status":"publish","type":"page","link":"https:\/\/cms.at60.eu\/de\/bueros\/privates-buero\/","title":{"rendered":"Privates B\u00fcro"},"content":{"rendered":"\n<div class=\"wp-block-stackable-columns alignfull stk-block-columns stk-block stk-56e06f2 stk-block-background stk--has-background-overlay\" data-block-id=\"56e06f2\"><style>.stk-56e06f2 .stk--block-align-56e06f2{align-items:center !important;}.stk-56e06f2 {background-color:var(--theme-palette-color-1, #0e4863) !important;background-image:url(https:\/\/cms.at60.eu\/wp-content\/uploads\/2025\/08\/DTFLR-ALTSTADT-WKO-BRUSSEL-050web.jpg) !important;background-position:center center !important;background-size:auto !important;padding-top:80px !important;padding-bottom:80px !important;}.stk-56e06f2:before{background-color:var(--theme-palette-color-1, #0e4863) !important;opacity:0.8 !important;}<\/style><div class=\"stk-row stk-inner-blocks stk--block-align-56e06f2 stk-block-content stk-content-align stk-56e06f2-column\">\n<div class=\"wp-block-stackable-column stk-block-column stk-column stk-block stk-3b49b18\" data-v=\"4\" data-block-id=\"3b49b18\"><div class=\"stk-column-wrapper stk-block-column__content stk-container stk-3b49b18-container stk--no-background stk--no-padding\"><div class=\"stk-block-content stk-inner-blocks stk-3b49b18-inner-blocks\">\n<div class=\"wp-block-stackable-columns stk-block-columns stk-block stk-ff7635c\" data-block-id=\"ff7635c\"><div class=\"stk-row stk-inner-blocks stk-block-content stk-content-align stk-ff7635c-column\">\n<div class=\"wp-block-stackable-column stk-block-column stk-column stk-block stk-3f8a57b\" data-v=\"4\" data-block-id=\"3f8a57b\"><style>.stk-3f8a57b-container{margin-top:26px !important;margin-right:26px !important;margin-bottom:26px !important;margin-left:26px !important;}.stk-3f8a57b {align-self:flex-start !important;}.stk-3f8a57b-inner-blocks{justify-content:center !important;}@media screen and (min-width:690px){.stk-3f8a57b {flex:var(--stk-flex-grow, 1) 1 calc(60% - var(--stk-column-gap, 0px) * 1 \/ 2 ) !important;}}<\/style><div class=\"stk-column-wrapper stk-block-column__content stk-container stk-3f8a57b-container stk--no-background stk--no-padding\"><div class=\"has-text-align-left stk--column-flex stk-block-content stk-inner-blocks stk-3f8a57b-inner-blocks\">\n<div class=\"wp-block-stackable-heading stk-block-heading stk-block-heading--v2 stk-block stk-05e7bae\" id=\"span-style-color-ffffff-class-stk-highlight-private-office-span\" data-block-id=\"05e7bae\"><style>.stk-05e7bae .stk-block-heading__text{font-weight:600 !important;}@media screen and (max-width:689px){.stk-05e7bae .stk-block-heading__text{font-size:24px !important;}}<\/style><h1 class=\"stk-block-heading__text\"><span style=\"color: #ffffff;\" class=\"stk-highlight\">Privates B\u00fcro<\/span><\/h1><\/div>\n\n\n\n<div class=\"wp-block-stackable-text stk-block-text stk-block stk-338c2f6\" id=\"strong-strong-secure-your-spot-now-strong-strong\" data-block-id=\"338c2f6\"><style>.stk-338c2f6 .stk-block-text__text{color:var(--theme-palette-color-8, #ffffff) !important;}@media screen and (max-width:689px){.stk-338c2f6 .stk-block-text__text{font-size:16px !important;}}<\/style><p class=\"stk-block-text__text has-text-color\">Perfekt f\u00fcr kleine Teams oder Einzelunternehmer, die Wert auf Privatsph\u00e4re, <br\/>Komfort und Flexibilit\u00e4t in einer lebendigen B\u00fcrogemeinschaft legen.<br\/><br\/>Ihr privates B\u00fcro ist komplett ausgestattet \u2013 mit ergonomischen M\u00f6beln, <br\/>Hochgeschwindigkeits-Internet und allem, was Sie f\u00fcr einen <br\/>m\u00fchelosen Arbeitstag brauchen.<\/p><\/div>\n\n\n\n<div class=\"wp-block-stackable-button-group stk-block-button-group stk-block stk-8a7d73c\" data-block-id=\"8a7d73c\"><div class=\"stk-row stk-inner-blocks stk-block-content stk-button-group\">\n<div class=\"wp-block-stackable-button stk-block-button is-style-ghost stk-block stk-cb2e23d\" data-block-id=\"cb2e23d\"><style>.stk-cb2e23d .stk-button{background:transparent !important;}.stk-cb2e23d .stk-button:hover:after{background:transparent !important;opacity:1 !important;}:where(.stk-hover-parent:hover,  .stk-hover-parent.stk--is-hovered) .stk-cb2e23d .stk-button:after{background:transparent !important;opacity:1 !important;}.stk-cb2e23d .stk-button:before{border-style:solid !important;border-color:var(--theme-palette-color-8, #ffffff) !important;border-top-width:1px !important;border-right-width:1px !important;border-bottom-width:1px !important;border-left-width:1px !important;}.stk-cb2e23d .stk-button__inner-text{color:var(--theme-palette-color-8, #ffffff) !important;}<\/style><a class=\"stk-link stk-button stk--hover-effect-lift\" href=\"https:\/\/cms.at60.eu\/wp-content\/uploads\/2025\/10\/AT60_5th.floor_.pdf\" target=\"_blank\" rel=\"noreferrer noopener\"><span class=\"has-text-color stk-button__inner-text\">PDF herunterladen<\/span><\/a><\/div>\n<\/div><\/div>\n<\/div><\/div><\/div>\n\n\n\n<div class=\"wp-block-stackable-column stk-block-column stk-column stk-block stk-27e5d5c\" data-v=\"4\" data-block-id=\"27e5d5c\"><style>.stk-27e5d5c-container{margin-top:0px !important;margin-right:0px !important;margin-bottom:0px !important;margin-left:0px !important;}@media screen and (min-width:690px){.stk-27e5d5c {flex:var(--stk-flex-grow, 1) 1 calc(40% - var(--stk-column-gap, 0px) * 1 \/ 2 ) !important;}}<\/style><div class=\"stk-column-wrapper stk-block-column__content stk-container stk-27e5d5c-container stk--no-background stk--no-padding\"><div class=\"stk-block-content stk-inner-blocks stk-27e5d5c-inner-blocks\"><\/div><\/div><\/div>\n<\/div><\/div>\n<\/div><\/div><\/div>\n<\/div><\/div>\n\n<div style=\"height:90px\" aria-hidden=\"true\" class=\"wp-block-spacer\"><\/div>\n\n<div class=\"wp-block-stackable-columns stk-block-columns stk-block stk-1dc9dad\" data-block-id=\"1dc9dad\"><div class=\"stk-row stk-inner-blocks stk-block-content stk-content-align stk-1dc9dad-column\">\n<div class=\"wp-block-stackable-column stk-block-column stk-column stk-block stk-da8d889\" data-v=\"4\" data-block-id=\"da8d889\"><style>.stk-da8d889 {padding-right:26px !important;padding-left:26px !important;}<\/style><div class=\"stk-column-wrapper stk-block-column__content stk-container stk-da8d889-container stk--no-background stk--no-padding\"><div class=\"stk-block-content stk-inner-blocks stk-da8d889-inner-blocks\">\n<h2 class=\"wp-block-heading has-text-align-left\">5. Stock<\/h2>\n\n\n\n<div class=\"wp-block-stackable-image stk-block-image has-text-align-center stk-block stk-bb5feee\" data-block-id=\"bb5feee\"><style>.stk-bb5feee {margin-top:10px !important;}<\/style><figure><span class=\"stk-img-wrapper stk-image--shape-stretch\"><img loading=\"lazy\" decoding=\"async\" class=\"stk-img wp-image-2065\" src=\"https:\/\/cms.at60.eu\/wp-content\/uploads\/2025\/10\/Screenshot-2025-10-14-at-11.29.59.png\" width=\"2030\" height=\"1088\" srcset=\"https:\/\/cms.at60.eu\/wp-content\/uploads\/2025\/10\/Screenshot-2025-10-14-at-11.29.59.png 2030w, https:\/\/cms.at60.eu\/wp-content\/uploads\/2025\/10\/Screenshot-2025-10-14-at-11.29.59-300x161.png 300w, https:\/\/cms.at60.eu\/wp-content\/uploads\/2025\/10\/Screenshot-2025-10-14-at-11.29.59-1024x549.png 1024w, https:\/\/cms.at60.eu\/wp-content\/uploads\/2025\/10\/Screenshot-2025-10-14-at-11.29.59-768x412.png 768w, https:\/\/cms.at60.eu\/wp-content\/uploads\/2025\/10\/Screenshot-2025-10-14-at-11.29.59-1536x823.png 1536w\" sizes=\"auto, (max-width: 2030px) 100vw, 2030px\" \/><\/span><\/figure><\/div>\n<\/div><\/div><\/div>\n<\/div><\/div>\n\n<div style=\"height:100px\" aria-hidden=\"true\" class=\"wp-block-spacer\"><\/div>\n\n<h2 class=\"wp-block-heading has-text-align-center\">Im Mietpreis enthalten<\/h2>\n\n<div style=\"height:30px\" aria-hidden=\"true\" class=\"wp-block-spacer\"><\/div>\n\n<div class=\"wp-block-columns is-layout-flex wp-container-core-columns-is-layout-28f84493 wp-block-columns-is-layout-flex\">\n<div class=\"wp-block-column has-medium-font-size is-layout-flow wp-block-column-is-layout-flow\">\n<figure class=\"wp-block-image aligncenter size-full is-resized\"><img loading=\"lazy\" decoding=\"async\" width=\"512\" height=\"512\" src=\"https:\/\/cms.at60.eu\/wp-content\/uploads\/2025\/09\/phone-booth.png\" alt=\"\" class=\"wp-image-1363\" style=\"width:80px\" srcset=\"https:\/\/cms.at60.eu\/wp-content\/uploads\/2025\/09\/phone-booth.png 512w, https:\/\/cms.at60.eu\/wp-content\/uploads\/2025\/09\/phone-booth-300x300.png 300w, https:\/\/cms.at60.eu\/wp-content\/uploads\/2025\/09\/phone-booth-150x150.png 150w\" sizes=\"auto, (max-width: 512px) 100vw, 512px\" \/><\/figure>\n\n\n\n<p class=\"has-text-align-center\">Telefonkabinen<br\/><\/p>\n<\/div>\n\n\n\n<div class=\"wp-block-column is-layout-flow wp-block-column-is-layout-flow\">\n<figure class=\"wp-block-image aligncenter size-full is-resized\"><img loading=\"lazy\" decoding=\"async\" width=\"512\" height=\"512\" src=\"https:\/\/cms.at60.eu\/wp-content\/uploads\/2025\/09\/kitchen.png\" alt=\"\" class=\"wp-image-1364\" style=\"width:80px\" srcset=\"https:\/\/cms.at60.eu\/wp-content\/uploads\/2025\/09\/kitchen.png 512w, https:\/\/cms.at60.eu\/wp-content\/uploads\/2025\/09\/kitchen-300x300.png 300w, https:\/\/cms.at60.eu\/wp-content\/uploads\/2025\/09\/kitchen-150x150.png 150w\" sizes=\"auto, (max-width: 512px) 100vw, 512px\" \/><\/figure>\n\n\n\n<p class=\"has-text-align-center\">Voll ausgestattete K\u00fcche<\/p>\n<\/div>\n\n\n\n<div class=\"wp-block-column is-layout-flow wp-block-column-is-layout-flow\">\n<figure class=\"wp-block-image aligncenter size-full is-resized\"><img loading=\"lazy\" decoding=\"async\" width=\"512\" height=\"512\" src=\"https:\/\/cms.at60.eu\/wp-content\/uploads\/2025\/09\/locker.png\" alt=\"\" class=\"wp-image-1365\" style=\"width:80px\" srcset=\"https:\/\/cms.at60.eu\/wp-content\/uploads\/2025\/09\/locker.png 512w, https:\/\/cms.at60.eu\/wp-content\/uploads\/2025\/09\/locker-300x300.png 300w, https:\/\/cms.at60.eu\/wp-content\/uploads\/2025\/09\/locker-150x150.png 150w\" sizes=\"auto, (max-width: 512px) 100vw, 512px\" \/><\/figure>\n\n\n\n<p class=\"has-text-align-center\">Abschlie\u00dfbare Spinde<\/p>\n<\/div>\n\n\n\n<div class=\"wp-block-column is-layout-flow wp-block-column-is-layout-flow\">\n<figure class=\"wp-block-image aligncenter size-full is-resized\"><img loading=\"lazy\" decoding=\"async\" width=\"512\" height=\"512\" src=\"https:\/\/cms.at60.eu\/wp-content\/uploads\/2025\/09\/lobby.png\" alt=\"\" class=\"wp-image-1327\" style=\"width:80px\" srcset=\"https:\/\/cms.at60.eu\/wp-content\/uploads\/2025\/09\/lobby.png 512w, https:\/\/cms.at60.eu\/wp-content\/uploads\/2025\/09\/lobby-300x300.png 300w, https:\/\/cms.at60.eu\/wp-content\/uploads\/2025\/09\/lobby-150x150.png 150w\" sizes=\"auto, (max-width: 512px) 100vw, 512px\" \/><\/figure>\n\n\n\n<p class=\"has-text-align-center\">Lounge-Bereich<\/p>\n<\/div>\n<\/div>\n\n<div class=\"wp-block-stackable-columns alignfull stk-block-columns stk-block stk-161738a stk-block-background stk--has-background-overlay\" data-block-id=\"161738a\"><style>.stk-161738a {background-color:var(--theme-palette-color-1, #0e4863) !important;background-image:url(https:\/\/cms.at60.eu\/wp-content\/uploads\/2025\/10\/A7R9861-scaled.jpg) !important;padding-top:90px !important;padding-right:60px !important;padding-bottom:90px !important;padding-left:60px !important;}.stk-161738a:before{background-color:var(--theme-palette-color-1, #0e4863) !important;opacity:0.8 !important;}<\/style><div class=\"stk-row stk-inner-blocks stk-block-content stk-content-align stk-161738a-column\">\n<div class=\"wp-block-stackable-column stk-block-column stk-column stk-block stk-d9081db\" data-v=\"4\" data-block-id=\"d9081db\"><style>.stk-d9081db {align-self:center !important;}<\/style><div class=\"stk-column-wrapper stk-block-column__content stk-container stk-d9081db-container stk--no-background stk--no-padding\"><div class=\"stk-block-content stk-inner-blocks stk-d9081db-inner-blocks\">\n<div class=\"wp-block-stackable-image stk-block-image stk-block stk-d8e872d\" data-block-id=\"d8e872d\"><style>.stk-d8e872d {margin-bottom:0px !important;}.stk-d8e872d .stk-img-wrapper{width:140px !important;}<\/style><figure><span class=\"stk-img-wrapper stk-image--shape-stretch\"><img loading=\"lazy\" decoding=\"async\" class=\"stk-img wp-image-1796\" src=\"https:\/\/cms.at60.eu\/wp-content\/uploads\/2025\/10\/logo-white-transparent.png\" width=\"527\" height=\"77\" srcset=\"https:\/\/cms.at60.eu\/wp-content\/uploads\/2025\/10\/logo-white-transparent.png 527w, https:\/\/cms.at60.eu\/wp-content\/uploads\/2025\/10\/logo-white-transparent-300x44.png 300w\" sizes=\"auto, (max-width: 527px) 100vw, 527px\" \/><\/span><\/figure><\/div>\n\n\n\n<div class=\"wp-block-stackable-heading stk-block-heading stk-block-heading--v2 stk-block stk-e3ff0d9\" id=\"strong-strong-secure-your-spot-now-strong-strong\" data-block-id=\"e3ff0d9\"><style>.stk-e3ff0d9 .stk-block-heading__text{color:var(--theme-palette-color-5, #F2F2F2) !important;}@media screen and (max-width:999px){.stk-e3ff0d9 {margin-bottom:20px !important;}}<\/style><h3 class=\"stk-block-heading__text has-text-color has-palette-color-8-color has-text-align-center has-text-align-center-tablet stk-block-heading--use-theme-margins\"><strong><strong>Sichern Sie sich jetzt Ihren Platz<\/strong><\/strong><\/h3><\/div>\n\n\n\n<div class=\"wp-block-stackable-columns stk-block-columns stk-block stk-7520ac4\" data-block-id=\"7520ac4\"><style>.stk-7520ac4-column{--stk-columns-spacing:var(--stk--preset--spacing--none, 0px) !important;--stk-column-gap:var(--stk--preset--spacing--60, 2.25rem) !important;}<\/style><div class=\"stk-row stk-inner-blocks stk-block-content stk-content-align stk-7520ac4-column\">\n<div class=\"wp-block-stackable-column stk-block-column stk-column stk-block stk-c4aa9eb\" data-v=\"4\" data-block-id=\"c4aa9eb\"><div class=\"stk-column-wrapper stk-block-column__content stk-container stk-c4aa9eb-container stk--no-background stk--no-padding\"><div class=\"has-text-align-center-mobile stk-block-content stk-inner-blocks stk-c4aa9eb-inner-blocks\">\n<p class=\"has-text-align-right has-palette-color-6-color has-text-color has-link-color has-large-font-size wp-elements-d1511797025d398d0d32438aae025123\"><strong>+32 264 51 660<\/strong><\/p>\n<\/div><\/div><\/div>\n\n\n\n<div class=\"wp-block-stackable-column stk-block-column stk-column stk-block stk-37e01ce\" data-v=\"4\" data-block-id=\"37e01ce\"><div class=\"stk-column-wrapper stk-block-column__content stk-container stk-37e01ce-container stk--no-background stk--no-padding\"><div class=\"stk-block-content stk-inner-blocks stk-37e01ce-inner-blocks\">\n<p class=\"has-text-align-left has-palette-color-6-color has-text-color has-link-color has-large-font-size wp-elements-90f79c6e0a10045352de3f64bf18867e\"><strong>tamara.daltroff@at60.eu<\/strong><\/p>\n<\/div><\/div><\/div>\n<\/div><\/div>\n\n\n\n<p class=\"has-text-align-center has-palette-color-6-color has-text-color has-link-color has-small-font-size wp-elements-970199c4e01d1a561bec457f48edb6db\"><strong>&#8211; Keine Mitgliedschaft erforderlich &#8211; Flexible Buchungsoptionen &#8211; Moderne, ausgestattete R\u00e4ume<\/strong><\/p>\n<\/div><\/div><\/div>\n<\/div><\/div>\n","protected":false},"excerpt":{"rendered":"<p>Privates B\u00fcro Perfekt f\u00fcr kleine Teams oder Einzelunternehmer, die Wert auf Privatsph\u00e4re, Komfort und Flexibilit\u00e4t in einer lebendigen B\u00fcrogemeinschaft legen. Ihr privates B\u00fcro ist komplett ausgestattet \u2013 mit ergonomischen M\u00f6beln, Hochgeschwindigkeits-Internet und allem, was Sie f\u00fcr einen m\u00fchelosen Arbeitstag brauchen. PDF herunterladen 5. Stock Im Mietpreis enthalten Telefonkabinen Voll ausgestattete K\u00fcche Abschlie\u00dfbare Spinde Lounge-Bereich Sichern [&hellip;]<\/p>\n","protected":false},"author":1,"featured_media":0,"parent":2138,"menu_order":0,"comment_status":"closed","ping_status":"closed","template":"","meta":{"footnotes":""},"class_list":["post-2182","page","type-page","status-publish","hentry"],"blocksy_meta":{"has_hero_section":"disabled","styles_descriptor":{"styles":{"desktop":"","tablet":"","mobile":""},"google_fonts":[],"version":6}},"_links":{"self":[{"href":"https:\/\/cms.at60.eu\/de\/wp-json\/wp\/v2\/pages\/2182","targetHints":{"allow":["GET"]}}],"collection":[{"href":"https:\/\/cms.at60.eu\/de\/wp-json\/wp\/v2\/pages"}],"about":[{"href":"https:\/\/cms.at60.eu\/de\/wp-json\/wp\/v2\/types\/page"}],"author":[{"embeddable":true,"href":"https:\/\/cms.at60.eu\/de\/wp-json\/wp\/v2\/users\/1"}],"replies":[{"embeddable":true,"href":"https:\/\/cms.at60.eu\/de\/wp-json\/wp\/v2\/comments?post=2182"}],"version-history":[{"count":2,"href":"https:\/\/cms.at60.eu\/de\/wp-json\/wp\/v2\/pages\/2182\/revisions"}],"predecessor-version":[{"id":2227,"href":"https:\/\/cms.at60.eu\/de\/wp-json\/wp\/v2\/pages\/2182\/revisions\/2227"}],"up":[{"embeddable":true,"href":"https:\/\/cms.at60.eu\/de\/wp-json\/wp\/v2\/pages\/2138"}],"wp:attachment":[{"href":"https:\/\/cms.at60.eu\/de\/wp-json\/wp\/v2\/media?parent=2182"}],"curies":[{"name":"wp","href":"https:\/\/api.w.org\/{rel}","templated":true}]}}