{"id":2188,"date":"2025-09-02T08:24:57","date_gmt":"2025-09-02T08:24:57","guid":{"rendered":"https:\/\/cms.at60.eu\/at60-location-instructions\/"},"modified":"2025-11-04T07:35:51","modified_gmt":"2025-11-04T07:35:51","slug":"at60-location-instructions","status":"publish","type":"page","link":"https:\/\/cms.at60.eu\/de\/at60-location-instructions\/","title":{"rendered":"AT60 Location Instructions"},"content":{"rendered":"\n<div class=\"wp-block-stackable-spacer stk-block-spacer stk--no-padding stk-block stk-71ad6be\" data-block-id=\"71ad6be\"><style>.stk-71ad6be {height:90px !important;}<\/style><\/div>\n\n<p><strong>AT60 \u2013 Haus der \u00d6sterreichischen Wirtschaft<\/strong><br\/><strong>Avenue de Cortenbergh 60, 1000 Br\u00fcssel, Belgien<\/strong><\/p>\n\n<p><strong>\u00d6sterreichische Botschaft Br\u00fcssel<\/strong>&#8211; 1 min \/ 50 m<\/p>\n\n<p><strong>St\u00e4ndige Vertretung \u00d6sterreichs bei der EU<\/strong> &#8211; 2 min \/ 120 m<\/p>\n\n<p><strong>Council of the European Union &#8211;<\/strong> 5 min \/ 450 m<\/p>\n\n<p><strong>European Commission (Berlaymont)<\/strong> &#8211; 5 min \/ 450 m<\/p>\n\n<p><strong>European Economic and Social Committee<\/strong> &#8211; 15 min \/ 1,4 km<\/p>\n\n<p><strong>European Parliament &#8211; <\/strong>20 min \/ 1,9 km<\/p>\n\n<p><strong>EuroCommerce<\/strong> &#8211; 10 min \/ 900 m<\/p>\n\n<p><strong>SMEunited<\/strong> &#8211; 13 min \/ 1,2 km<\/p>\n\n<p><strong>Eurochambres<\/strong> &#8211; 15 min \/ 1,4 km<\/p>\n\n<p><strong>Public Transport<\/strong><\/p>\n\n<p>M1\/M5, train (Schuman)<\/p>\n\n<p><strong>Brussels Airport Zaventem<\/strong><\/p>\n\n<p>20 min by car, 25 min by train, 35 min by bus<\/p>\n\n<div class=\"wp-block-stackable-spacer stk-block-spacer stk--no-padding stk-block stk-578fb96\" data-block-id=\"578fb96\"><style>.stk-578fb96 {height:90px !important;}<\/style><\/div>\n","protected":false},"excerpt":{"rendered":"<p>AT60 \u2013 Haus der \u00d6sterreichischen WirtschaftAvenue de Cortenbergh 60, 1000 Br\u00fcssel, Belgien \u00d6sterreichische Botschaft Br\u00fcssel&#8211; 1 min \/ 50 m St\u00e4ndige Vertretung \u00d6sterreichs bei der EU &#8211; 2 min \/ 120 m Council of the European Union &#8211; 5 min \/ 450 m European Commission (Berlaymont) &#8211; 5 min \/ 450 m European Economic and [&hellip;]<\/p>\n","protected":false},"author":1,"featured_media":0,"parent":0,"menu_order":0,"comment_status":"closed","ping_status":"closed","template":"","meta":{"footnotes":""},"class_list":["post-2188","page","type-page","status-publish","hentry"],"blocksy_meta":{"has_hero_section":"disabled","styles_descriptor":{"styles":{"desktop":"","tablet":"","mobile":""},"google_fonts":[],"version":6},"disable_featured_image":"yes","disable_share_box":"yes","disable_header":"yes","disable_footer":"yes"},"_links":{"self":[{"href":"https:\/\/cms.at60.eu\/de\/wp-json\/wp\/v2\/pages\/2188","targetHints":{"allow":["GET"]}}],"collection":[{"href":"https:\/\/cms.at60.eu\/de\/wp-json\/wp\/v2\/pages"}],"about":[{"href":"https:\/\/cms.at60.eu\/de\/wp-json\/wp\/v2\/types\/page"}],"author":[{"embeddable":true,"href":"https:\/\/cms.at60.eu\/de\/wp-json\/wp\/v2\/users\/1"}],"replies":[{"embeddable":true,"href":"https:\/\/cms.at60.eu\/de\/wp-json\/wp\/v2\/comments?post=2188"}],"version-history":[{"count":1,"href":"https:\/\/cms.at60.eu\/de\/wp-json\/wp\/v2\/pages\/2188\/revisions"}],"predecessor-version":[{"id":2189,"href":"https:\/\/cms.at60.eu\/de\/wp-json\/wp\/v2\/pages\/2188\/revisions\/2189"}],"wp:attachment":[{"href":"https:\/\/cms.at60.eu\/de\/wp-json\/wp\/v2\/media?parent=2188"}],"curies":[{"name":"wp","href":"https:\/\/api.w.org\/{rel}","templated":true}]}}